{"id":12484,"date":"2023-11-25T11:35:55","date_gmt":"2023-11-25T10:35:55","guid":{"rendered":"https:\/\/www.patagoniaflyfishingadventures.com\/rio-cochrane\/"},"modified":"2025-07-13T01:58:30","modified_gmt":"2025-07-12T23:58:30","slug":"rio-cochrane","status":"publish","type":"page","link":"https:\/\/www.patagoniaflyfishingadventures.com\/de\/rio-cochrane\/","title":{"rendered":"RIO COCHRANE"},"content":{"rendered":"<section class=\"wpb-content-wrapper\">[vc_row full_width=&#8221;stretch_row_content_no_spaces&#8221;][vc_column][vc_single_image image=&#8221;12234&#8243; img_size=&#8221;full&#8221; alignment=&#8221;center&#8221;][\/vc_column][\/vc_row][vc_row content_placement=&#8221;top&#8221;][vc_column]    <div class=\"tzElement_title \">\r\n        \r\n        <h2 class=\"tzTitle  Tz_align_center\" >\r\n            Rio Cochrane        <\/h2>\r\n\r\n        \r\n    <\/div>\r\n    [\/vc_column][\/vc_row][vc_row content_placement=&#8221;top&#8221; css=&#8221;.vc_custom_1711646608922{margin-bottom: 20px !important;}&#8221;][vc_column width=&#8221;1\/6&#8243;][\/vc_column][vc_column width=&#8221;2\/3&#8243;][vc_column_text]\n<h4 style=\"text-align: center;\"><strong>Erlebe das Fliegenfischen am Rio Cochrane:<\/strong><\/h4>\n<p style=\"text-align: center;\"><strong>Der Rio Cochrane, ein kristallklarer Nebenfluss des majest\u00e4tischen Baker-Flusses<\/strong>, entspringt dem Cochrane-See im Tamango-Nationalreservat. Tief im chilenischen Patagonien gelegen, bietet dieser Fluss au\u00dfergew\u00f6hnliche M\u00f6glichkeiten zum Fliegenfischen. Der Rio Cochrane bietet vielf\u00e4ltige Fliegenfischererlebnisse f\u00fcr Anspruchsvolle: Pirschen entlang der Ufer, strategisches Werfen in der N\u00e4he von Algenbetten oder versunkenen Baumst\u00e4mmen &#8211; ein wahres Paradies f\u00fcr diejenigen, die Pr\u00e4zision lieben!<\/p>\n[\/vc_column_text][\/vc_column][vc_column width=&#8221;1\/6&#8243;][\/vc_column][\/vc_row][vc_row full_width=&#8221;stretch_row_content_no_spaces&#8221;][vc_column][vc_single_image image=&#8221;12169&#8243; img_size=&#8221;full&#8221; alignment=&#8221;center&#8221; css=&#8221;.vc_custom_1700911892231{background-position: center !important;background-repeat: no-repeat !important;background-size: cover !important;}&#8221;][\/vc_column][\/vc_row][vc_row content_placement=&#8221;top&#8221;][vc_column]    <div class=\"tzElement_title \">\r\n        \r\n        <h2 class=\"tzTitle  Tz_align_center\" >\r\n            The Season        <\/h2>\r\n\r\n        \r\n    <\/div>\r\n    [\/vc_column][\/vc_row][vc_row content_placement=&#8221;top&#8221; css=&#8221;.vc_custom_1706966261707{margin-bottom: 20px !important;}&#8221;][vc_column width=&#8221;1\/6&#8243;][\/vc_column][vc_column width=&#8221;2\/3&#8243;][vc_column_text]\n<h4 style=\"text-align: center;\"><strong>Die Sch\u00e4tze des Flusses<\/strong><\/h4>\n<p style=\"text-align: center;\"><strong>Durch algenreiche Abschnitte flie\u00dfend,<\/strong> verbirgt der Rio Cochrane in seinen kristallklaren Tiefen beachtliche silberne Schatten. W\u00e4hrend der Hauptfischereisaison von November bis M\u00e4rz erwachen diese unber\u00fchrten Gew\u00e4sser zum Leben, wobei die gr\u00f6\u00dferen Forellen nach dem Laichen im Oktober erh\u00f6hte Aktivit\u00e4t zeigen. Fliegenfischer werden von dieser spektakul\u00e4ren Zeit angezogen, bevor diese pr\u00e4chtigen Fische in die abgelegenen und weniger frequentierten Seen Patagoniens zur\u00fcckkehren.<\/p>\n[\/vc_column_text][\/vc_column][vc_column width=&#8221;1\/6&#8243;][\/vc_column][\/vc_row][vc_row full_width=&#8221;stretch_row_content_no_spaces&#8221;][vc_column][vc_single_image image=&#8221;12260&#8243; img_size=&#8221;full&#8221; alignment=&#8221;center&#8221; css_animation=&#8221;none&#8221;][\/vc_column][\/vc_row][vc_row content_placement=&#8221;top&#8221;][vc_column]    <div class=\"tzElement_title \">\r\n        \r\n        <h2 class=\"tzTitle  Tz_align_center\" >\r\n            Crystal-Clear Waters        <\/h2>\r\n\r\n        \r\n    <\/div>\r\n    [\/vc_column][\/vc_row][vc_row content_placement=&#8221;top&#8221; css=&#8221;.vc_custom_1706966261707{margin-bottom: 20px !important;}&#8221;][vc_column width=&#8221;1\/6&#8243;][\/vc_column][vc_column width=&#8221;2\/3&#8243;][vc_column_text]\n<h4 style=\"text-align: center;\"><strong>Entdeckung der aquatischen Wunder des Rio Cochrane<\/strong><\/h4>\n<p style=\"text-align: center;\"><strong>Bekannt f\u00fcr seine kristalline Transparenz<\/strong> hat der Rio Cochrane weltweite Anerkennung erlangt. Seine klaren Gew\u00e4sser enth\u00fcllen Kan\u00e4le, Wasserpflanzen, sandige Flussbetten und riesige Forellen inmitten atemberaubender Landschaften, erg\u00e4nzt durch best\u00e4ndig gutes Wetter.<\/p>\n[\/vc_column_text][\/vc_column][vc_column width=&#8221;1\/6&#8243;][\/vc_column][\/vc_row][vc_row full_width=&#8221;stretch_row_content_no_spaces&#8221;][vc_column][vc_single_image image=&#8221;12188&#8243; img_size=&#8221;full&#8221; alignment=&#8221;center&#8221; css_animation=&#8221;none&#8221;][\/vc_column][\/vc_row][vc_row content_placement=&#8221;top&#8221;][vc_column]    <div class=\"tzElement_title \">\r\n        \r\n        <h2 class=\"tzTitle  Tz_align_center\" >\r\n            Get in Touch        <\/h2>\r\n\r\n        \r\n    <\/div>\r\n    [\/vc_column][\/vc_row][vc_row content_placement=&#8221;top&#8221; css=&#8221;.vc_custom_1706966261707{margin-bottom: 20px !important;}&#8221;][vc_column width=&#8221;1\/6&#8243;][\/vc_column][vc_column width=&#8221;2\/3&#8243;][vc_column_text]\n<p style=\"text-align: center;\"><strong>Sicher Dir Deinen Platz f\u00fcr ein unvergessliches Fliegenfischabenteuer<\/strong> am Rio Cochrane. Reserviere jetzt, um Deine Fliege in diesem kristallklaren Gew\u00e4sser zu platzieren und riesige Forellen inmitten der atemberaubenden patagonischen Landschaft zu \u00fcberlisten.<\/p>\n[\/vc_column_text][\/vc_column][vc_column width=&#8221;1\/6&#8243;][\/vc_column][\/vc_row][vc_row full_width=&#8221;stretch_row_content_no_spaces&#8221;][vc_column][vc_single_image image=&#8221;12182&#8243; img_size=&#8221;large&#8221; alignment=&#8221;center&#8221; style=&#8221;vc_box_circle&#8221; css=&#8221;.vc_custom_1711646766866{margin-top: 20px !important;}&#8221;][\/vc_column][\/vc_row][vc_row content_placement=&#8221;top&#8221;][vc_column]    <div class=\"tzElement_title \">\r\n        \r\n        <h2 class=\"tzTitle  Tz_align_center\" >\r\n            Pack List        <\/h2>\r\n\r\n        \r\n    <\/div>\r\n    [\/vc_column][\/vc_row][vc_row content_placement=&#8221;top&#8221; css=&#8221;.vc_custom_1706966261707{margin-bottom: 20px !important;}&#8221;][vc_column width=&#8221;1\/6&#8243;][\/vc_column][vc_column width=&#8221;2\/3&#8243;][vc_column_text css=&#8221;.vc_custom_1706967000024{margin-bottom: 30px !important;}&#8221;]\n<h4 class=\"p1\" style=\"text-align: center;\"><strong>Dies ist unsere empfohlene Ausr\u00fcstung f\u00fcr diese Tour:<\/strong><\/h4>\n<p class=\"p1\" style=\"text-align: center;\"><b>RUTEN:<\/b> 8,6 &#8211; 9 Fu\u00df #4 oder #5 Rute<br \/>\n<b>ROLLEN:<\/b> Eine gute, zuverl\u00e4ssige Rolle passend f\u00fcr eine #4 oder #5 Rute<br \/>\n<b>SCHN\u00dcRE:<\/b> Hochwertige WF-Schwimmschnur<br \/>\n<b>VORFACH:<\/b> Vorf\u00e4cher 9-12 Fu\u00df in 4X<br \/>\n<b>ZUBEH\u00d6R:<\/b> Vorfachclip, Polarisierte Sonnenbrille, Sonnencreme<br \/>\n<b>KLEIDUNG:<\/b> Watschuhe, Wathose, Watjacke, Thermounterw\u00e4sche, Handschuhe, M\u00fctze, Kappe<\/p>\n[\/vc_column_text][\/vc_column][vc_column width=&#8221;1\/6&#8243;][\/vc_column][\/vc_row][vc_row full_width=&#8221;stretch_row_content_no_spaces&#8221;][vc_column][vc_single_image image=&#8221;12170&#8243; img_size=&#8221;full&#8221; alignment=&#8221;center&#8221; css_animation=&#8221;none&#8221;][\/vc_column][\/vc_row][vc_row content_placement=&#8221;top&#8221;][vc_column]    <div class=\"tzElement_title \">\r\n        \r\n        <h2 class=\"tzTitle  Tz_align_center\" >\r\n            Related Tour        <\/h2>\r\n\r\n        \r\n    <\/div>\r\n    [\/vc_column][\/vc_row][vc_row full_width=&#8221;stretch_row_content_no_spaces&#8221;][vc_column]\n\t\t\t<!-- START Mountain Parallax Rio Baker Link REVOLUTION SLIDER 6.7.3 --><p class=\"rs-p-wp-fix\"><\/p>\n\t\t\t<rs-module-wrap id=\"rev_slider_110_1_wrapper\" data-source=\"gallery\" style=\"visibility:hidden;background:rgba(255,255,255,0);padding:0;margin:0px auto;margin-top:0;margin-bottom:0;\">\n\t\t\t\t<rs-module id=\"rev_slider_110_1\" style=\"\" data-version=\"6.7.3\">\n\t\t\t\t\t<rs-slides style=\"overflow: hidden; position: absolute;\">\n\t\t\t\t\t\t<rs-slide style=\"position: absolute;\" data-key=\"rs-301\" data-title=\"Slide\" data-in=\"o:0;\" data-out=\"a:false;\">\n\t\t\t\t\t\t\t<img decoding=\"async\" src=\"\/\/www.patagoniaflyfishingadventures.com\/wp-content\/plugins\/revslider\/sr6\/assets\/assets\/dummy.png\" alt=\"\" title=\"patagonia-fly-fishing-adventures-70\" width=\"1920\" height=\"1280\" class=\"rev-slidebg tp-rs-img rs-lazyload\" data-lazyload=\"\/\/www.patagoniaflyfishingadventures.com\/wp-content\/uploads\/2023\/10\/patagonia-fly-fishing-adventures-70.jpg\" data-parallax=\"10\" data-panzoom=\"d:5000;e:power4.out;ss:150;se:100;bs:20;\" data-no-retina>\n<!--\n\t\t\t\t\t\t\t--><rs-layer\n\t\t\t\t\t\t\t\tid=\"slider-110-slide-301-layer-1\" \n\t\t\t\t\t\t\t\tdata-type=\"image\"\n\t\t\t\t\t\t\t\tdata-rsp_ch=\"on\"\n\t\t\t\t\t\t\t\tdata-xy=\"x:c;xo:-50px;y:m;yo:130px,130px,130px,80px;\"\n\t\t\t\t\t\t\t\tdata-text=\"l:22;a:inherit;\"\n\t\t\t\t\t\t\t\tdata-dim=\"w:120px,120px,861px,689px;h:120px,120px,500px,400px;\"\n\t\t\t\t\t\t\t\tdata-frame_0=\"sX:0.7;sY:0.7;blu:10px;\"\n\t\t\t\t\t\t\t\tdata-frame_1=\"e:power4.out;st:50;sp:3000;sR:50;\"\n\t\t\t\t\t\t\t\tdata-frame_999=\"o:0;st:w;sR:5950;\"\n\t\t\t\t\t\t\t\tstyle=\"z-index:6;\"\n\t\t\t\t\t\t\t><img decoding=\"async\" src=\"\/\/www.patagoniaflyfishingadventures.com\/wp-content\/plugins\/revslider\/sr6\/assets\/assets\/dummy.png\" alt=\"\" class=\"tp-rs-img rs-lazyload\" width=\"120\" height=\"120\" data-lazyload=\"\/\/www.patagoniaflyfishingadventures.com\/wp-content\/uploads\/revslider\/blurflake1.png\" data-no-retina> \n\t\t\t\t\t\t\t<\/rs-layer><!--\n\n\t\t\t\t\t\t\t--><rs-layer\n\t\t\t\t\t\t\t\tid=\"slider-110-slide-301-layer-2\" \n\t\t\t\t\t\t\t\tclass=\"blurslider-gradient rs-pxl-14\"\n\t\t\t\t\t\t\t\tdata-type=\"text\"\n\t\t\t\t\t\t\t\tdata-rsp_ch=\"on\"\n\t\t\t\t\t\t\t\tdata-xy=\"x:c,l,l,l;y:m;yo:-229px,-229px,-190px,-149px;\"\n\t\t\t\t\t\t\t\tdata-text=\"s:150,150,100,80;l:120,120,80,60;ls:-10px,-10px,-6px,-5px;fw:700;a:center,left,left,left;\"\n\t\t\t\t\t\t\t\tdata-dim=\"w:auto,auto,400px,auto;\"\n\t\t\t\t\t\t\t\tdata-padding=\"t:20,20,14,20;r:10,10,6,10;l:10,10,6,10;\"\n\t\t\t\t\t\t\t\tdata-frame_0=\"y:50px,50px,34px,34px;sX:0.3;sY:0.3;blu:20px;\"\n\t\t\t\t\t\t\t\tdata-frame_1=\"x:0,0,0px,0px;y:0,0,0px,0px;e:power4.out;st:50;sp:3000;sR:50;\"\n\t\t\t\t\t\t\t\tdata-frame_999=\"o:0;st:w;sR:5950;\"\n\t\t\t\t\t\t\t\tstyle=\"z-index:5;font-family:'Poppins';\"\n\t\t\t\t\t\t\t>RIO<br\/> BAKER \n\t\t\t\t\t\t\t<\/rs-layer><!--\n\n\t\t\t\t\t\t\t--><a\n\t\t\t\t\t\t\t\tid=\"slider-110-slide-301-layer-3\" \n\t\t\t\t\t\t\t\tclass=\"rs-layer rev-btn\"\n\t\t\t\t\t\t\t\thref=\"https:\/\/www.patagoniaflyfishingadventures.com\/?page_id=9611\" target=\"_self\"\n\t\t\t\t\t\t\t\tdata-type=\"button\"\n\t\t\t\t\t\t\t\tdata-color=\"rgba(255,255,255,1)\"\n\t\t\t\t\t\t\t\tdata-xy=\"x:c;y:b;yo:100px,100px,100px,15px;\"\n\t\t\t\t\t\t\t\tdata-text=\"s:15,15,15,8;l:60,60,60,30;fw:700;a:inherit;\"\n\t\t\t\t\t\t\t\tdata-rsp_bd=\"off\"\n\t\t\t\t\t\t\t\tdata-padding=\"r:30,30,30,15;l:30,30,30,15;\"\n\t\t\t\t\t\t\t\tdata-border=\"bos:solid;boc:rgba(0,0,0,1);bow:0px,0px,0,0;\"\n\t\t\t\t\t\t\t\tdata-frame_0=\"y:50px,50px,50px,26px;gra:0%;blu:20px;\"\n\t\t\t\t\t\t\t\tdata-frame_1=\"x:0,0,0,0px;y:0,0,0,0px;e:power4.out;st:500;sp:1000;sR:500;\"\n\t\t\t\t\t\t\t\tdata-frame_999=\"o:0;st:w;sR:7500;\"\n\t\t\t\t\t\t\t\tdata-frame_hover=\"bgc:linear-gradient(90deg, rgba(243,130,60,1) 0%, rgba(255,85,124,1) 100%);boc:#000;bor:0px,0px,0px,0px;bos:solid;oX:50;oY:50;sp:200;e:none;\"\n\t\t\t\t\t\t\t\tstyle=\"z-index:13;background:linear-gradient(90deg, rgba(255,85,124,1) 0%, rgba(243,130,60,1) 100%);font-family:'Poppins';cursor:pointer;-webkit-box-shadow:0px 10px 20px 0px rgba(0,0,0,0.35);-moz-box-shadow:0px 10px 20px 0px rgba(0,0,0,0.35);box-shadow:0px 10px 20px 0px rgba(0,0,0,0.35);\"\n\t\t\t\t\t\t\t>CHECK OUR TOUR \n\t\t\t\t\t\t\t<\/a><!--\n\n\t\t\t\t\t\t\t--><rs-layer\n\t\t\t\t\t\t\t\tid=\"slider-110-slide-301-layer-8\" \n\t\t\t\t\t\t\t\tdata-type=\"text\"\n\t\t\t\t\t\t\t\tdata-color=\"#ffffff||#888888||#888888||#ffffff\"\n\t\t\t\t\t\t\t\tdata-rsp_ch=\"on\"\n\t\t\t\t\t\t\t\tdata-xy=\"x:c;y:b;yo:50px,30px,30px,30px;\"\n\t\t\t\t\t\t\t\tdata-text=\"w:nowrap,normal,normal,normal;s:15;l:20;ls:10px;fw:600;a:center;\"\n\t\t\t\t\t\t\t\tdata-dim=\"w:auto,640px,480px,360px;\"\n\t\t\t\t\t\t\t\tdata-padding=\"r:10;l:20;\"\n\t\t\t\t\t\t\t\tdata-frame_0=\"y:50px;rX:90deg;blu:10px;\"\n\t\t\t\t\t\t\t\tdata-frame_1=\"e:power4.out;st:600;sp:1000;sR:600;\"\n\t\t\t\t\t\t\t\tdata-frame_999=\"o:0;st:w;sR:7400;\"\n\t\t\t\t\t\t\t\tstyle=\"z-index:14;font-family:'Poppins';text-transform:uppercase;\"\n\t\t\t\t\t\t\t> \n\t\t\t\t\t\t\t<\/rs-layer><!--\n\n\t\t\t\t\t\t\t--><rs-layer\n\t\t\t\t\t\t\t\tid=\"slider-110-slide-301-layer-10\" \n\t\t\t\t\t\t\t\tclass=\"tp-shape tp-shapewrapper\"\n\t\t\t\t\t\t\t\tdata-type=\"shape\"\n\t\t\t\t\t\t\t\tdata-rsp_ch=\"on\"\n\t\t\t\t\t\t\t\tdata-xy=\"x:c;y:b;\"\n\t\t\t\t\t\t\t\tdata-text=\"fw:700;a:inherit;\"\n\t\t\t\t\t\t\t\tdata-dim=\"w:100%;h:0px,1px,1px,60px;\"\n\t\t\t\t\t\t\t\tdata-basealign=\"slide\"\n\t\t\t\t\t\t\t\tdata-frame_0=\"y:50px;\"\n\t\t\t\t\t\t\t\tdata-frame_1=\"e:power4.out;st:50;sp:1000;sR:50;\"\n\t\t\t\t\t\t\t\tdata-frame_999=\"o:0;st:w;sR:7950;\"\n\t\t\t\t\t\t\t\tstyle=\"z-index:7;background:linear-gradient(rgba(255,255,255,0) 0%, rgba(255,255,255,1) 100%);\"\n\t\t\t\t\t\t\t> \n\t\t\t\t\t\t\t<\/rs-layer><!--\n-->\t\t\t\t\t<\/rs-slide>\n\t\t\t\t\t<\/rs-slides>\n\t\t\t\t<\/rs-module>\n\t\t\t\t<script>\n\t\t\t\t\tsetREVStartSize({c: 'rev_slider_110_1',rl:[1240,1024,778,480],el:[868,768,960,720],gw:[1240,1024,1080,1080],gh:[868,768,960,720],type:'hero',justify:'',layout:'fullwidth',mh:\"0\"});if (window.RS_MODULES!==undefined && window.RS_MODULES.modules!==undefined && window.RS_MODULES.modules[\"revslider1101\"]!==undefined) {window.RS_MODULES.modules[\"revslider1101\"].once = false;window.revapi110 = undefined;if (window.RS_MODULES.checkMinimal!==undefined) window.RS_MODULES.checkMinimal()}\n\t\t\t\t<\/script>\n\t\t\t<\/rs-module-wrap>\n\t\t\t<!-- END REVOLUTION SLIDER -->\n[\/vc_column][\/vc_row]\n<\/section>","protected":false},"excerpt":{"rendered":"<p>[vc_row full_width=&#8221;stretch_row_content_no_spaces&#8221;][vc_column][vc_single_image image=&#8221;12234&#8243; img_size=&#8221;full&#8221; alignment=&#8221;center&#8221;][\/vc_column][\/vc_row][vc_row content_placement=&#8221;top&#8221;][vc_column][\/vc_column][\/vc_row][vc_row content_placement=&#8221;top&#8221; css=&#8221;.vc_custom_1711646608922{margin-bottom: 20px !important;}&#8221;][vc_column width=&#8221;1\/6&#8243;][\/vc_column][vc_column width=&#8221;2\/3&#8243;][vc_column_text] Erlebe das Fliegenfischen am Rio Cochrane: Der Rio Cochrane, ein kristallklarer Nebenfluss des majest\u00e4tischen Baker-Flusses, entspringt dem Cochrane-See im Tamango-Nationalreservat. Tief im chilenischen Patagonien gelegen, bietet dieser Fluss au\u00dfergew\u00f6hnliche M\u00f6glichkeiten zum Fliegenfischen. Der Rio Cochrane bietet vielf\u00e4ltige Fliegenfischererlebnisse f\u00fcr Anspruchsvolle: Pirschen entlang der [&hellip;]<\/p>\n","protected":false},"author":1,"featured_media":12282,"parent":0,"menu_order":0,"comment_status":"closed","ping_status":"closed","template":"","meta":{"_monsterinsights_skip_tracking":false,"_monsterinsights_sitenote_active":false,"_monsterinsights_sitenote_note":"","_monsterinsights_sitenote_category":0,"footnotes":""},"class_list":["post-12484","page","type-page","status-publish","has-post-thumbnail","hentry"],"yoast_head":"<!-- This site is optimized with the Yoast SEO plugin v25.3 - https:\/\/yoast.com\/wordpress\/plugins\/seo\/ -->\n<title>Rio Cochrane: Fliegenfischen nach Riesenforellen<\/title>\n<meta name=\"description\" content=\"Erlebe das Fliegenfischen am Rio Cochrane in den kristallklaren Gew\u00e4ssern des chilenischen Patagoniens. Wirf auf riesige Forellen inmitten atemberaubender Landschaften.\" \/>\n<meta name=\"robots\" content=\"index, follow, max-snippet:-1, max-image-preview:large, max-video-preview:-1\" \/>\n<link rel=\"canonical\" href=\"https:\/\/www.patagoniaflyfishingadventures.com\/de\/rio-cochrane\/\" \/>\n<meta property=\"og:locale\" content=\"de_DE\" \/>\n<meta property=\"og:type\" content=\"article\" \/>\n<meta property=\"og:title\" content=\"Rio Cochrane: Fliegenfischen nach Riesenforellen\" \/>\n<meta property=\"og:description\" content=\"Erlebe das Fliegenfischen am Rio Cochrane in den kristallklaren Gew\u00e4ssern des chilenischen Patagoniens. Wirf auf riesige Forellen inmitten atemberaubender Landschaften.\" \/>\n<meta property=\"og:url\" content=\"https:\/\/www.patagoniaflyfishingadventures.com\/de\/rio-cochrane\/\" \/>\n<meta property=\"og:site_name\" content=\"PATAGONIA FLY FISHING ADVENTURES\" \/>\n<meta property=\"article:modified_time\" content=\"2025-07-12T23:58:30+00:00\" \/>\n<meta property=\"og:image\" content=\"https:\/\/www.patagoniaflyfishingadventures.com\/wp-content\/uploads\/2024\/02\/patagonia-fly-fishing-adventures-83.jpg\" \/>\n\t<meta property=\"og:image:width\" content=\"1920\" \/>\n\t<meta property=\"og:image:height\" content=\"1377\" \/>\n\t<meta property=\"og:image:type\" content=\"image\/jpeg\" \/>\n<meta name=\"twitter:card\" content=\"summary_large_image\" \/>\n<meta name=\"twitter:label1\" content=\"Gesch\u00e4tzte Lesezeit\" \/>\n\t<meta name=\"twitter:data1\" content=\"4\u00a0Minuten\" \/>\n<script type=\"application\/ld+json\" class=\"yoast-schema-graph\">{\"@context\":\"https:\/\/schema.org\",\"@graph\":[{\"@type\":\"WebPage\",\"@id\":\"https:\/\/www.patagoniaflyfishingadventures.com\/de\/rio-cochrane\/\",\"url\":\"https:\/\/www.patagoniaflyfishingadventures.com\/de\/rio-cochrane\/\",\"name\":\"Rio Cochrane: Fliegenfischen nach Riesenforellen\",\"isPartOf\":{\"@id\":\"https:\/\/www.patagoniaflyfishingadventures.com\/de\/#website\"},\"primaryImageOfPage\":{\"@id\":\"https:\/\/www.patagoniaflyfishingadventures.com\/de\/rio-cochrane\/#primaryimage\"},\"image\":{\"@id\":\"https:\/\/www.patagoniaflyfishingadventures.com\/de\/rio-cochrane\/#primaryimage\"},\"thumbnailUrl\":\"https:\/\/www.patagoniaflyfishingadventures.com\/wp-content\/uploads\/2024\/02\/patagonia-fly-fishing-adventures-83.jpg\",\"datePublished\":\"2023-11-25T10:35:55+00:00\",\"dateModified\":\"2025-07-12T23:58:30+00:00\",\"description\":\"Erlebe das Fliegenfischen am Rio Cochrane in den kristallklaren Gew\u00e4ssern des chilenischen Patagoniens. Wirf auf riesige Forellen inmitten atemberaubender Landschaften.\",\"breadcrumb\":{\"@id\":\"https:\/\/www.patagoniaflyfishingadventures.com\/de\/rio-cochrane\/#breadcrumb\"},\"inLanguage\":\"de\",\"potentialAction\":[{\"@type\":\"ReadAction\",\"target\":[\"https:\/\/www.patagoniaflyfishingadventures.com\/de\/rio-cochrane\/\"]}]},{\"@type\":\"ImageObject\",\"inLanguage\":\"de\",\"@id\":\"https:\/\/www.patagoniaflyfishingadventures.com\/de\/rio-cochrane\/#primaryimage\",\"url\":\"https:\/\/www.patagoniaflyfishingadventures.com\/wp-content\/uploads\/2024\/02\/patagonia-fly-fishing-adventures-83.jpg\",\"contentUrl\":\"https:\/\/www.patagoniaflyfishingadventures.com\/wp-content\/uploads\/2024\/02\/patagonia-fly-fishing-adventures-83.jpg\",\"width\":1920,\"height\":1377},{\"@type\":\"BreadcrumbList\",\"@id\":\"https:\/\/www.patagoniaflyfishingadventures.com\/de\/rio-cochrane\/#breadcrumb\",\"itemListElement\":[{\"@type\":\"ListItem\",\"position\":1,\"name\":\"Home\",\"item\":\"https:\/\/www.patagoniaflyfishingadventures.com\/de\/startseite\/\"},{\"@type\":\"ListItem\",\"position\":2,\"name\":\"RIO COCHRANE\"}]},{\"@type\":\"WebSite\",\"@id\":\"https:\/\/www.patagoniaflyfishingadventures.com\/de\/#website\",\"url\":\"https:\/\/www.patagoniaflyfishingadventures.com\/de\/\",\"name\":\"PATAGONIA FLY FISHING ADVENTURES\",\"description\":\"\",\"potentialAction\":[{\"@type\":\"SearchAction\",\"target\":{\"@type\":\"EntryPoint\",\"urlTemplate\":\"https:\/\/www.patagoniaflyfishingadventures.com\/de\/?s={search_term_string}\"},\"query-input\":{\"@type\":\"PropertyValueSpecification\",\"valueRequired\":true,\"valueName\":\"search_term_string\"}}],\"inLanguage\":\"de\"}]}<\/script>\n<!-- \/ Yoast SEO plugin. -->","yoast_head_json":{"title":"Rio Cochrane: Fliegenfischen nach Riesenforellen","description":"Erlebe das Fliegenfischen am Rio Cochrane in den kristallklaren Gew\u00e4ssern des chilenischen Patagoniens. Wirf auf riesige Forellen inmitten atemberaubender Landschaften.","robots":{"index":"index","follow":"follow","max-snippet":"max-snippet:-1","max-image-preview":"max-image-preview:large","max-video-preview":"max-video-preview:-1"},"canonical":"https:\/\/www.patagoniaflyfishingadventures.com\/de\/rio-cochrane\/","og_locale":"de_DE","og_type":"article","og_title":"Rio Cochrane: Fliegenfischen nach Riesenforellen","og_description":"Erlebe das Fliegenfischen am Rio Cochrane in den kristallklaren Gew\u00e4ssern des chilenischen Patagoniens. Wirf auf riesige Forellen inmitten atemberaubender Landschaften.","og_url":"https:\/\/www.patagoniaflyfishingadventures.com\/de\/rio-cochrane\/","og_site_name":"PATAGONIA FLY FISHING ADVENTURES","article_modified_time":"2025-07-12T23:58:30+00:00","og_image":[{"width":1920,"height":1377,"url":"https:\/\/www.patagoniaflyfishingadventures.com\/wp-content\/uploads\/2024\/02\/patagonia-fly-fishing-adventures-83.jpg","type":"image\/jpeg"}],"twitter_card":"summary_large_image","twitter_misc":{"Gesch\u00e4tzte Lesezeit":"4\u00a0Minuten"},"schema":{"@context":"https:\/\/schema.org","@graph":[{"@type":"WebPage","@id":"https:\/\/www.patagoniaflyfishingadventures.com\/de\/rio-cochrane\/","url":"https:\/\/www.patagoniaflyfishingadventures.com\/de\/rio-cochrane\/","name":"Rio Cochrane: Fliegenfischen nach Riesenforellen","isPartOf":{"@id":"https:\/\/www.patagoniaflyfishingadventures.com\/de\/#website"},"primaryImageOfPage":{"@id":"https:\/\/www.patagoniaflyfishingadventures.com\/de\/rio-cochrane\/#primaryimage"},"image":{"@id":"https:\/\/www.patagoniaflyfishingadventures.com\/de\/rio-cochrane\/#primaryimage"},"thumbnailUrl":"https:\/\/www.patagoniaflyfishingadventures.com\/wp-content\/uploads\/2024\/02\/patagonia-fly-fishing-adventures-83.jpg","datePublished":"2023-11-25T10:35:55+00:00","dateModified":"2025-07-12T23:58:30+00:00","description":"Erlebe das Fliegenfischen am Rio Cochrane in den kristallklaren Gew\u00e4ssern des chilenischen Patagoniens. Wirf auf riesige Forellen inmitten atemberaubender Landschaften.","breadcrumb":{"@id":"https:\/\/www.patagoniaflyfishingadventures.com\/de\/rio-cochrane\/#breadcrumb"},"inLanguage":"de","potentialAction":[{"@type":"ReadAction","target":["https:\/\/www.patagoniaflyfishingadventures.com\/de\/rio-cochrane\/"]}]},{"@type":"ImageObject","inLanguage":"de","@id":"https:\/\/www.patagoniaflyfishingadventures.com\/de\/rio-cochrane\/#primaryimage","url":"https:\/\/www.patagoniaflyfishingadventures.com\/wp-content\/uploads\/2024\/02\/patagonia-fly-fishing-adventures-83.jpg","contentUrl":"https:\/\/www.patagoniaflyfishingadventures.com\/wp-content\/uploads\/2024\/02\/patagonia-fly-fishing-adventures-83.jpg","width":1920,"height":1377},{"@type":"BreadcrumbList","@id":"https:\/\/www.patagoniaflyfishingadventures.com\/de\/rio-cochrane\/#breadcrumb","itemListElement":[{"@type":"ListItem","position":1,"name":"Home","item":"https:\/\/www.patagoniaflyfishingadventures.com\/de\/startseite\/"},{"@type":"ListItem","position":2,"name":"RIO COCHRANE"}]},{"@type":"WebSite","@id":"https:\/\/www.patagoniaflyfishingadventures.com\/de\/#website","url":"https:\/\/www.patagoniaflyfishingadventures.com\/de\/","name":"PATAGONIA FLY FISHING ADVENTURES","description":"","potentialAction":[{"@type":"SearchAction","target":{"@type":"EntryPoint","urlTemplate":"https:\/\/www.patagoniaflyfishingadventures.com\/de\/?s={search_term_string}"},"query-input":{"@type":"PropertyValueSpecification","valueRequired":true,"valueName":"search_term_string"}}],"inLanguage":"de"}]}},"_links":{"self":[{"href":"https:\/\/www.patagoniaflyfishingadventures.com\/de\/wp-json\/wp\/v2\/pages\/12484","targetHints":{"allow":["GET"]}}],"collection":[{"href":"https:\/\/www.patagoniaflyfishingadventures.com\/de\/wp-json\/wp\/v2\/pages"}],"about":[{"href":"https:\/\/www.patagoniaflyfishingadventures.com\/de\/wp-json\/wp\/v2\/types\/page"}],"author":[{"embeddable":true,"href":"https:\/\/www.patagoniaflyfishingadventures.com\/de\/wp-json\/wp\/v2\/users\/1"}],"replies":[{"embeddable":true,"href":"https:\/\/www.patagoniaflyfishingadventures.com\/de\/wp-json\/wp\/v2\/comments?post=12484"}],"version-history":[{"count":7,"href":"https:\/\/www.patagoniaflyfishingadventures.com\/de\/wp-json\/wp\/v2\/pages\/12484\/revisions"}],"predecessor-version":[{"id":12563,"href":"https:\/\/www.patagoniaflyfishingadventures.com\/de\/wp-json\/wp\/v2\/pages\/12484\/revisions\/12563"}],"wp:featuredmedia":[{"embeddable":true,"href":"https:\/\/www.patagoniaflyfishingadventures.com\/de\/wp-json\/wp\/v2\/media\/12282"}],"wp:attachment":[{"href":"https:\/\/www.patagoniaflyfishingadventures.com\/de\/wp-json\/wp\/v2\/media?parent=12484"}],"curies":[{"name":"wp","href":"https:\/\/api.w.org\/{rel}","templated":true}]}}